{"id":386,"date":"2026-03-23T18:17:09","date_gmt":"2026-03-23T17:17:09","guid":{"rendered":"https:\/\/www.sandiebonheurs.fr\/?page_id=386"},"modified":"2026-03-23T18:28:16","modified_gmt":"2026-03-23T17:28:16","slug":"conditions-generales-du-contrat","status":"publish","type":"page","link":"https:\/\/www.sandiebonheurs.fr\/index.php\/conditions-generales-du-contrat\/","title":{"rendered":"Conditions g\u00e9n\u00e9rales du contrat"},"content":{"rendered":"\n<p class=\"has-medium-font-size\"><strong>Voici les conditions g\u00e9n\u00e9rales se trouvant sur le contrat \u00e0 signer pour toute nouvelle demande de garde \/ promenade :<\/strong><\/p>\n\n\n\n<p class=\"has-medium-font-size\"><em>(tous droits r\u00e9serv\u00e9s)<\/em><\/p>\n\n\n\n<p>Conditions g\u00e9n\u00e9rales<\/p>\n\n\n\n<p>Article 1 &#8211; D\u00e9signation des prestations<\/p>\n\n\n\n<ul class=\"wp-block-list\">\n<li>Sandie TRUCHARD, pour le compte de l\u2019entreprise \u00ab\u00a0Sandie Bonheurs de la Limagne\u00a0\u00bb propose \u00e0 ses clients (les propri\u00e9taires des animaux) un service de <strong>garde \u00e0 domicile pour animaux et promenade pour chiens.<\/strong><\/li>\n<\/ul>\n\n\n\n<p>Article 2 -Contrat et facturation<\/p>\n\n\n\n<ul class=\"wp-block-list\">\n<li>La <strong>nourriture, la liti\u00e8re ainsi que les fournitures<\/strong> (panier, gamelles, jouets, os \u00e0 m\u00e2cher, produits de soins&#8230;) \u00a0\u00a0\u00a0\u00a0\u00a0\u00a0\u00a0\u00a0\u00a0sont <strong>\u00e0 la charge du client<\/strong>.<\/li>\n\n\n\n<li>Une <strong>pr\u00e9-visite au domicile du client est obligatoire.<\/strong> Elle est <strong>gratuite <\/strong>et n\u2019engage aucune des parties.<\/li>\n\n\n\n<li>\u00ab\u00a0Sandie Bonheurs de la Limagne\u00a0\u00bb se r\u00e9serve le droit de refuser une prestation sans avoir \u00e0 en donner les raisons.<\/li>\n\n\n\n<li>Lors de la pr\u00e9-visite, le client se verra remettre le pr\u00e9sent contrat mentionnant les coordonn\u00e9es des deux parties, le d\u00e9tail des prestations souhait\u00e9es et les conditions g\u00e9n\u00e9rales.<\/li>\n\n\n\n<li><strong>Le solde sera \u00e0 r\u00e9gler dans les 7 jours<\/strong> suivant la fin de la derni\u00e8re prestation. Une facture peut \u00eatre remise au client sur demande d\u00e8s la r\u00e9ception du solde.<\/li>\n\n\n\n<li>En cas d&rsquo;annulation des prestations de visite ou promenade \u00e9manant de \u00ab\u00a0Sandie Bonheurs de la Limagne\u00a0\u00bb\u00a0\u00a0\u00a0\u00a0\u00a0\u00a0\u00a0 \u00a0le client se verra <strong>rembourser la totalit\u00e9 de son acompte<\/strong>.\u00a0<\/li>\n\n\n\n<li>En cas de maladie, d\u2019indisponibilit\u00e9 ou de cong\u00e9, Sandie <strong>pr\u00e9viendra le client le plus rapidement possible<\/strong>.<\/li>\n\n\n\n<li>En cas d\u2019<strong>annulation des prestations \u00e9manant du client 7 jours <\/strong>avant le d\u00e9but des prestations, celui-ci ne se verra <strong>pas rembourser<\/strong> son acompte<strong>,<\/strong> except\u00e9 un commun accord.<\/li>\n\n\n\n<li>En cas d\u2019<strong>annulation des prestations au cours du contrat <\/strong>\u00e0 l\u2019initiative du client, la somme figurant sur le devis sera <strong>int\u00e9gralement d\u00fbe,<\/strong> except\u00e9 un commun accord.<\/li>\n\n\n\n<li>La prestation ne peut \u00eatre garantie si l\u2019acompte n\u2019a pas \u00e9t\u00e9 r\u00e9gl\u00e9.<\/li>\n<\/ul>\n\n\n\n<p>Article 3 &#8211; Responsabilit\u00e9s<\/p>\n\n\n\n<ul class=\"wp-block-list\">\n<li>\u00ab\u00a0Sandie Bonheurs de la Limagne\u00a0\u00bb ne sera <strong>en aucun cas responsable<\/strong> en cas de de pathologie chronique ou\u00a0\u00a0\u00a0\u00a0\u00a0\u00a0\u00a0\u00a0\u00a0 de maladie en amont de la garde ou d\u2019un trouble du comportement <strong>non mentionn\u00e9 ou cach\u00e9 <\/strong>par le client.<\/li>\n\n\n\n<li>Le client sera <strong>responsable<\/strong> des soins en cas de transmission de cette maladie ou de parasites si le <strong>d\u00e9parasitage ou le vermifuge n\u2019a pas \u00e9t\u00e9 effectu\u00e9 en amont.<\/strong><\/li>\n\n\n\n<li>\u00ab\u00a0Sandie Bonheurs de la Limagne\u00a0\u00bb s\u2019engage \u00e0 <strong>contacter imm\u00e9diatement le client en cas de blessure ou maladie <\/strong>d\u00e9tect\u00e9e chez son animal et mettre en \u0153uvre toutes les mesures d\u2019urgence n\u00e9cessaires pour pr\u00e9server sa sant\u00e9 en le conduisant chez un v\u00e9t\u00e9rinaire. <strong>Les frais v\u00e9t\u00e9rinaires et de d\u00e9placement seront \u00e0 la charge du client<\/strong> et devront \u00eatre rembours\u00e9s sous pr\u00e9sentation des factures correspondantes (except\u00e9 les frais v\u00e9t\u00e9rinaires\u00a0\u00a0\u00a0\u00a0\u00a0\u00a0\u00a0\u00a0\u00a0\u00a0\u00a0\u00a0\u00a0\u00a0\u00a0\u00a0\u00a0\u00a0\u00a0\u00a0\u00a0 si le ch\u00e8que de caution pour le v\u00e9t\u00e9rinaire a \u00e9t\u00e9 confi\u00e9).<\/li>\n\n\n\n<li>Sandie donnera le <strong>traitement<\/strong> n\u00e9cessaire avec respect et douceur, \u00e0 condition que l\u2019animal soit <strong>coop\u00e9ratif<\/strong>.<\/li>\n\n\n\n<li>Le <strong>temps suppl\u00e9mentaire<\/strong> pass\u00e9 pour l\u2019animal (soins, nettoyage, impr\u00e9vus&#8230;) pourra \u00eatre <strong>factur\u00e9<\/strong>.<\/li>\n\n\n\n<li>En cas de maladie, d\u2019accident ou de blessure de l\u2019animal survenant lors de la prestation, les propri\u00e9taires donnent droit \u00e0 \u00ab\u00a0Sandie Bonheurs de la Limagne\u00a0\u00bb de <strong>faire proc\u00e9der aux soins estim\u00e9s n\u00e9cessaire par la clinique v\u00e9t\u00e9rinaire<\/strong> de l\u2019animal en priorit\u00e9 ou un v\u00e9t\u00e9rinaire de garde.<\/li>\n\n\n\n<li>\u00a0\u00ab\u00a0Sandie Bonheurs de la Limagne\u00a0\u00bb <strong>d\u00e9cline toute responsabilit\u00e9\u00a0: <\/strong>en cas de <strong>fugue, maladie ou d\u00e9c\u00e8s de l\u2019animal \/en cas de d\u00e9gradation des affaires personnelles de l\u2019animal par lui-m\u00eame \/ en cas d\u2019incident d\u00fb \u00e0 des tierces personnes visitant et s\u2019occupant de l\u2019animal durant la m\u00eame p\u00e9riode ou hors des moments de ses visites.<\/strong><\/li>\n\n\n\n<li>Sandie <strong>accepte uniquement les cl\u00e9s n\u00e9cessaires et sans indication<\/strong><strong> d\u2019adresse <\/strong>et s\u2019engage \u00e0 garder les cl\u00e9s du propri\u00e9taire dans un endroit s\u00e9curis\u00e9 et \u00e0 les utiliser uniquement dans le cadre de la r\u00e9alisation des prestations.<\/li>\n\n\n\n<li>Les <strong>cl\u00e9s seront remises en main propre<\/strong> au client apr\u00e8s la prestation et le r\u00e8glement du solde ou rapport\u00e9es dans la boite aux lettres du client uniquement \u00e0 sa demande. \u00ab\u00a0Sandie Bonheurs de la Limagne\u00a0\u00bb <strong>d\u00e9cline sa responsabilit\u00e9<\/strong> en cas de vol\/perte une fois les cl\u00e9s rapport\u00e9es dans la <strong>boite aux lettres du client<\/strong>.<\/li>\n\n\n\n<li>Le client s\u2019engage \u00e0 informer \u00ab\u00a0Sandie Bonheurs de la Limagne\u00a0\u00bb de la pr\u00e9sence de <strong>cam\u00e9ra(s<\/strong>) de surveillance dans son habitation conform\u00e9ment \u00e0 l\u2019article 226-1 du code p\u00e9nal.<\/li>\n\n\n\n<li>\u00ab\u00a0Sandie Bonheurs de la Limagne\u00a0\u00bb s&rsquo;engage \u00e0 <strong>ne pas transmettre les coordonn\u00e9es<\/strong> de ses clients \u00e0 un tiers. Ces donn\u00e9es seront conserv\u00e9es par la soci\u00e9t\u00e9 uniquement dans un but de gestion des contrats et pourront \u00eatre communiqu\u00e9s \u00e0 la Direction D\u00e9partementale de la Protection de la Population sur sa demande. Ces donn\u00e9es sont recueillies informatiquement et peuvent donner lieu \u00e0 l&rsquo;exercice du droit d&rsquo;acc\u00e8s et de rectification dans les conditions de la loi n\u00b078-17 du 6 janvier 1978 relative \u00e0 l\u2019informatique, aux fichiers et aux libert\u00e9s par courrier adress\u00e9 par mail \u00e0 <a href=\"mailto:sandie.truchard@gmail.com\">sandie.truchard@gmail.com<\/a><\/li>\n<\/ul>\n\n\n\n<p><em>(mise \u00e0 jour du 15\/02\/26)<\/em><\/p>\n","protected":false},"excerpt":{"rendered":"<p>Voici les conditions g\u00e9n\u00e9rales se trouvant sur le contrat \u00e0 signer pour toute nouvelle demande de garde \/ promenade : (tous droits r\u00e9serv\u00e9s) Conditions g\u00e9n\u00e9rales Article 1 &#8211; D\u00e9signation des prestations Article 2 -Contrat et facturation Article 3 &#8211; Responsabilit\u00e9s (mise \u00e0 jour du 15\/02\/26)<\/p>\n","protected":false},"author":1,"featured_media":0,"parent":0,"menu_order":0,"comment_status":"closed","ping_status":"closed","template":"","meta":{"_themeisle_gutenberg_block_has_review":false,"footnotes":""},"class_list":["post-386","page","type-page","status-publish","hentry"],"_links":{"self":[{"href":"https:\/\/www.sandiebonheurs.fr\/index.php\/wp-json\/wp\/v2\/pages\/386","targetHints":{"allow":["GET"]}}],"collection":[{"href":"https:\/\/www.sandiebonheurs.fr\/index.php\/wp-json\/wp\/v2\/pages"}],"about":[{"href":"https:\/\/www.sandiebonheurs.fr\/index.php\/wp-json\/wp\/v2\/types\/page"}],"author":[{"embeddable":true,"href":"https:\/\/www.sandiebonheurs.fr\/index.php\/wp-json\/wp\/v2\/users\/1"}],"replies":[{"embeddable":true,"href":"https:\/\/www.sandiebonheurs.fr\/index.php\/wp-json\/wp\/v2\/comments?post=386"}],"version-history":[{"count":3,"href":"https:\/\/www.sandiebonheurs.fr\/index.php\/wp-json\/wp\/v2\/pages\/386\/revisions"}],"predecessor-version":[{"id":397,"href":"https:\/\/www.sandiebonheurs.fr\/index.php\/wp-json\/wp\/v2\/pages\/386\/revisions\/397"}],"wp:attachment":[{"href":"https:\/\/www.sandiebonheurs.fr\/index.php\/wp-json\/wp\/v2\/media?parent=386"}],"curies":[{"name":"wp","href":"https:\/\/api.w.org\/{rel}","templated":true}]}}